{"id":10,"date":"2022-06-21T10:43:18","date_gmt":"2022-06-21T10:43:18","guid":{"rendered":"https:\/\/shop.agrifood.lt\/?page_id=10"},"modified":"2022-10-06T13:26:41","modified_gmt":"2022-10-06T11:26:41","slug":"pinigu-politika","status":"publish","type":"page","link":"https:\/\/shop.agrifood.lt\/lt\/pinigu-politika\/","title":{"rendered":"Pinig\u0173 gr\u0105\u017einimo politika"},"content":{"rendered":"\n<p><\/p>\n\n\n\n<p>M\u016bs\u0173 pinig\u0173 gr\u0105\u017einimo politika galioja 30 dien\u0173. Jei nuo pirkimo pra\u0117jo 30 dien\u0173, mes negalime jums pasi\u016blyti vis\u0173 pinig\u0173 gr\u0105\u017einimo ar keitimo.<\/p>\n\n\n\n<p>Kad gal\u0117tum\u0117te gr\u0105\u017einti, j\u016bs\u0173 \u012fsigyta paslauga neturi b\u016bti panaudota.<\/p>\n\n\n\n<p>Nor\u0117dami u\u017ebaigti gr\u0105\u017einim\u0105, mums reikia pirkimo kvito arba kito \u012frodymo.<\/p>\n\n\n\n<p>Kai bus pateiktas pra\u0161ymas gr\u0105\u017einti, atsi\u0173sime jums el. lai\u0161k\u0105 ir informuosime. Taip pat prane\u0161ime apie pinig\u0173 gr\u0105\u017einimo patvirtinim\u0105 arba atmetim\u0105.<\/p>\n\n\n\n<p>Jei gra\u017einimas bus patvirtintas, per 14 dien\u0173 l\u0117\u0161os automati\u0161kai bus pervestos \u012f J\u016bs\u0173 kredito kortel\u0119 arba pervestos pirminiu mok\u0117jimo b\u016bdu.<\/p>\n\n\n\n<p><strong>V\u0117luojantis gr\u0105\u017einimas<\/strong><\/p>\n\n\n\n<p>Jei dar negavote pinig\u0173, pirmiausia dar kart\u0105 patikrinkite savo banko s\u0105skait\u0105.<\/p>\n\n\n\n<p>Tada susisiekite su kredito kortel\u0119 i\u0161davusiu banku. Gali praeiti \u0161iek tiek laiko, kol gr\u0105\u017einimas bus \u012fskaitytas.<\/p>\n\n\n\n<p>L\u0117\u0161\u0173 \u012fskaitymas \u012f J\u016bs\u0173 s\u0105skait\u0105 da\u017enai pareikalauja \u0161iek tiek laiko.<\/p>\n\n\n\n<p>Jei visa tai padar\u0117te ir vis dar negavote pinig\u0173, susisiekite su mumis.<\/p>\n","protected":false},"excerpt":{"rendered":"<p>M\u016bs\u0173 pinig\u0173 gr\u0105\u017einimo politika galioja 30 dien\u0173. Jei nuo pirkimo pra\u0117jo 30 dien\u0173, mes negalime jums pasi\u016blyti vis\u0173 pinig\u0173 gr\u0105\u017einimo ar keitimo. Kad gal\u0117tum\u0117te gr\u0105\u017einti, j\u016bs\u0173 \u012fsigyta paslauga neturi b\u016bti panaudota. Nor\u0117dami u\u017ebaigti gr\u0105\u017einim\u0105, mums reikia pirkimo kvito arba kito \u012frodymo. Kai bus pateiktas pra\u0161ymas gr\u0105\u017einti, atsi\u0173sime jums el. lai\u0161k\u0105 ir informuosime. Taip pat prane\u0161ime [&hellip;]<\/p>\n","protected":false},"author":1,"featured_media":0,"parent":0,"menu_order":0,"comment_status":"closed","ping_status":"closed","template":"","meta":[],"_links":{"self":[{"href":"https:\/\/shop.agrifood.lt\/lt\/wp-json\/wp\/v2\/pages\/10"}],"collection":[{"href":"https:\/\/shop.agrifood.lt\/lt\/wp-json\/wp\/v2\/pages"}],"about":[{"href":"https:\/\/shop.agrifood.lt\/lt\/wp-json\/wp\/v2\/types\/page"}],"author":[{"embeddable":true,"href":"https:\/\/shop.agrifood.lt\/lt\/wp-json\/wp\/v2\/users\/1"}],"replies":[{"embeddable":true,"href":"https:\/\/shop.agrifood.lt\/lt\/wp-json\/wp\/v2\/comments?post=10"}],"version-history":[{"count":3,"href":"https:\/\/shop.agrifood.lt\/lt\/wp-json\/wp\/v2\/pages\/10\/revisions"}],"predecessor-version":[{"id":11899,"href":"https:\/\/shop.agrifood.lt\/lt\/wp-json\/wp\/v2\/pages\/10\/revisions\/11899"}],"wp:attachment":[{"href":"https:\/\/shop.agrifood.lt\/lt\/wp-json\/wp\/v2\/media?parent=10"}],"curies":[{"name":"wp","href":"https:\/\/api.w.org\/{rel}","templated":true}]}}