{"id":11975,"date":"2022-10-14T09:01:27","date_gmt":"2022-10-14T07:01:27","guid":{"rendered":"https:\/\/shop.agrifood.lt\/?page_id=11975"},"modified":"2022-10-14T09:10:03","modified_gmt":"2022-10-14T07:10:03","slug":"kontaktai","status":"publish","type":"page","link":"https:\/\/shop.agrifood.lt\/lt\/kontaktai\/","title":{"rendered":"Kontaktai"},"content":{"rendered":"<p><strong>AgriFood Lithuania DIH, V\u0161\u012e<\/strong><\/p>\n<p>\u012emon\u0117s kodas: 302639640<br \/>\nPVM mok\u0117tojo kodas: LT100006274618<br \/>\nAdresas: Mokslinink\u0173 g. 2A, LT-08412 Vilnius<br \/>\nTelefonas: +370 650 22269<br \/>\nEl. pa\u0161to adresas: <a href=\"mailto:info@agrifood.lt\">info@agrifood.lt<\/a><\/p>\n<h2>Nusi\u0173skite mums u\u017eklaus\u0105:<\/h2>\n<div class=\"wpforms-container \" id=\"wpforms-11979\"><form id=\"wpforms-form-11979\" class=\"wpforms-validate wpforms-form wpforms-ajax-form\" data-formid=\"11979\" method=\"post\" enctype=\"multipart\/form-data\" action=\"\/lt\/wp-json\/wp\/v2\/pages\/11975\" data-token=\"f45c462afef311a0e644bbe406524f5a\"><noscript class=\"wpforms-error-noscript\">Please enable JavaScript in your browser to complete this form.<\/noscript><div class=\"wpforms-field-container\"><div id=\"wpforms-11979-field_0-container\" class=\"wpforms-field wpforms-field-name\" data-field-id=\"0\"><label class=\"wpforms-field-label\" for=\"wpforms-11979-field_0\">Vardas, Pavard\u0117 <span class=\"wpforms-required-label\">*<\/span><\/label><div class=\"wpforms-field-row wpforms-field-medium\"><div class=\"wpforms-field-row-block wpforms-first wpforms-one-half\"><input type=\"text\" id=\"wpforms-11979-field_0\" class=\"wpforms-field-name-first wpforms-field-required\" name=\"wpforms[fields][0][first]\" required><label for=\"wpforms-11979-field_0\" class=\"wpforms-field-sublabel after wpforms-sublabel-hide\">First<\/label><\/div><div class=\"wpforms-field-row-block wpforms-one-half\"><input type=\"text\" id=\"wpforms-11979-field_0-last\" class=\"wpforms-field-name-last wpforms-field-required\" name=\"wpforms[fields][0][last]\" required><label for=\"wpforms-11979-field_0-last\" class=\"wpforms-field-sublabel after wpforms-sublabel-hide\">Last<\/label><\/div><\/div><\/div><div id=\"wpforms-11979-field_1-container\" class=\"wpforms-field wpforms-field-email\" data-field-id=\"1\"><label class=\"wpforms-field-label\" for=\"wpforms-11979-field_1\">El. pa\u0161to adresas <span class=\"wpforms-required-label\">*<\/span><\/label><input type=\"email\" id=\"wpforms-11979-field_1\" class=\"wpforms-field-medium wpforms-field-required\" name=\"wpforms[fields][1]\" required><\/div><div id=\"wpforms-11979-field_2-container\" class=\"wpforms-field wpforms-field-textarea\" data-field-id=\"2\"><label class=\"wpforms-field-label\" for=\"wpforms-11979-field_2\">U\u017eklausos tekstas <span class=\"wpforms-required-label\">*<\/span><\/label><textarea id=\"wpforms-11979-field_2\" class=\"wpforms-field-medium wpforms-field-required\" name=\"wpforms[fields][2]\" required><\/textarea><\/div><\/div><div class=\"wpforms-recaptcha-container wpforms-is-recaptcha\"><div class=\"g-recaptcha\" data-sitekey=\"6LdgqxgsAAAAAIGAwWLIvTsgF0g_2NtEGzla4CBD\"><\/div><input type=\"text\" name=\"g-recaptcha-hidden\" class=\"wpforms-recaptcha-hidden\" style=\"position:absolute!important;clip:rect(0,0,0,0)!important;height:1px!important;width:1px!important;border:0!important;overflow:hidden!important;padding:0!important;margin:0!important;\" required><\/div><div class=\"wpforms-submit-container\"><input type=\"hidden\" name=\"wpforms[id]\" value=\"11979\"><input type=\"hidden\" name=\"wpforms[author]\" value=\"1\"><button type=\"submit\" name=\"wpforms[submit]\" id=\"wpforms-submit-11979\" class=\"wpforms-submit\" data-alt-text=\"Siun\u010diama...\" data-submit-text=\"Si\u0173sti\" aria-live=\"assertive\" value=\"wpforms-submit\">Si\u0173sti<\/button><img src=\"https:\/\/shop.agrifood.lt\/wp-content\/plugins\/wpforms-lite\/assets\/images\/submit-spin.svg\" class=\"wpforms-submit-spinner\" style=\"display: none;\" width=\"26\" height=\"26\" alt=\"\"><\/div><\/form><\/div>  <!-- .wpforms-container -->\n","protected":false},"excerpt":{"rendered":"<p>AgriFood Lithuania DIH, V\u0161\u012e \u012emon\u0117s kodas: 302639640 PVM mok\u0117tojo kodas: LT100006274618 Adresas: Mokslinink\u0173 g. 2A, LT-08412 Vilnius Telefonas: +370 650 22269 El. pa\u0161to adresas: info@agrifood.lt Nusi\u0173skite mums u\u017eklaus\u0105:<\/p>\n","protected":false},"author":1,"featured_media":0,"parent":0,"menu_order":0,"comment_status":"closed","ping_status":"closed","template":"","meta":[],"_links":{"self":[{"href":"https:\/\/shop.agrifood.lt\/lt\/wp-json\/wp\/v2\/pages\/11975"}],"collection":[{"href":"https:\/\/shop.agrifood.lt\/lt\/wp-json\/wp\/v2\/pages"}],"about":[{"href":"https:\/\/shop.agrifood.lt\/lt\/wp-json\/wp\/v2\/types\/page"}],"author":[{"embeddable":true,"href":"https:\/\/shop.agrifood.lt\/lt\/wp-json\/wp\/v2\/users\/1"}],"replies":[{"embeddable":true,"href":"https:\/\/shop.agrifood.lt\/lt\/wp-json\/wp\/v2\/comments?post=11975"}],"version-history":[{"count":2,"href":"https:\/\/shop.agrifood.lt\/lt\/wp-json\/wp\/v2\/pages\/11975\/revisions"}],"predecessor-version":[{"id":11985,"href":"https:\/\/shop.agrifood.lt\/lt\/wp-json\/wp\/v2\/pages\/11975\/revisions\/11985"}],"wp:attachment":[{"href":"https:\/\/shop.agrifood.lt\/lt\/wp-json\/wp\/v2\/media?parent=11975"}],"curies":[{"name":"wp","href":"https:\/\/api.w.org\/{rel}","templated":true}]}}