{"id":8754,"date":"2016-03-14T14:33:38","date_gmt":"2016-03-14T14:33:38","guid":{"rendered":"http:\/\/brooklyn.fatmoon.kinsta.com\/?page_id=2"},"modified":"2022-12-09T06:42:08","modified_gmt":"2022-12-09T04:42:08","slug":"home","status":"publish","type":"page","link":"https:\/\/shop.agrifood.lt\/lt\/","title":{"rendered":"Apie mus"},"content":{"rendered":"\n<div class=\"wp-container-3 wp-block-columns\">\n<div class=\"wp-container-1 wp-block-column\">\n<figure class=\"wp-block-image size-full\"><img loading=\"lazy\" width=\"1000\" height=\"667\" src=\"https:\/\/shop.agrifood.lt\/wp-content\/uploads\/2022\/06\/shutterstock_382444252.jpg\" alt=\"\" class=\"wp-image-11799\" srcset=\"https:\/\/shop.agrifood.lt\/wp-content\/uploads\/2022\/06\/shutterstock_382444252.jpg 1000w, https:\/\/shop.agrifood.lt\/wp-content\/uploads\/2022\/06\/shutterstock_382444252-300x200.jpg 300w, https:\/\/shop.agrifood.lt\/wp-content\/uploads\/2022\/06\/shutterstock_382444252-768x512.jpg 768w, https:\/\/shop.agrifood.lt\/wp-content\/uploads\/2022\/06\/shutterstock_382444252-18x12.jpg 18w, https:\/\/shop.agrifood.lt\/wp-content\/uploads\/2022\/06\/shutterstock_382444252-600x400.jpg 600w\" sizes=\"(max-width: 1000px) 100vw, 1000px\" \/><\/figure>\n<\/div>\n\n\n\n<div class=\"wp-container-2 wp-block-column\">\n<div class=\"vc_custom_heading_wrap \">\n<div class=\"heading-text el-text\">\n<div class=\"vc_custom_heading_wrap\">\n<div class=\"heading-text el-text\">\n<h2 class=\"h2 text-color-826553-color\">Mes esame \u201eAgriFood Lithuania DIH\u201c!<\/h2>\n<\/div>\n<div class=\"clear\">\u00a0<\/div>\n<\/div>\n<div class=\"uncode_text_column\">\n<p>\u201eAgriFood Lithuania DIH\u201c yra skaitmenini\u0173 inovacij\u0173 centras, suburiantis svarbiausius Lietuvos verslo, mokslo ir vie\u0161ojo sektoriaus suinteresuotus veik\u0117jus tam, kad b\u016bt\u0173 \u012fgyvendinta \u017eem\u0117s \u016bkio, maisto ir susijusi\u0173 sektori\u0173 skaitmenin\u0117 transformacija.<\/p>\n<p>M\u016bs\u0173 misija yra prisid\u0117ti prie ES deklaracijoje \u201eI\u0161mani ir tvari Europos \u017eem\u0117s \u016bkio ir kaimo vietovi\u0173 skaitmenin\u0117 ateitis\u201c i\u0161d\u0117stytos vizijos \u012fgyvendinimo ir stiprinti nacionalin\u0119 bei Europin\u0119 technologij\u0173 infrastrukt\u016br\u0105.<\/p>\n<p>Skaitmeninis inovacij\u0173 centras jungia skirtingas suinteresuotas \u0161alis su tarpsektoriniais veik\u0117jais siekdamas visapusi\u0161kai remti pa\u017eangi\u0173 agromaisto technologij\u0173 tyrimus, pl\u0117tr\u0105 ir diegim\u0105. Nuo 2021 m. kovo m\u0117n. \u201eAgriFood Lithuania DIH\u201c yra EIT FOOD centras Lietuvoje.<\/p>\n<\/div>\n<\/div>\n<\/div>\n<\/div>\n<\/div>\n\n\n\n\t\t\t\t\t\t\t<div class=\"woocommerce\">\t\n\t\t\t\t\t\t\n\t\t\t\t\t<div class=\"ced\" data-rows=\"\">\n\t\t\t\t\t\t<h2>Populiariausios paslaugos\t\t\t\t\t\t<\/h2>\n\t\t\t\t\t\t<ul class=\"products columns-3\">\n\n\t\t\t\t\t\t\t\t\t\t\t\t\t\t\t\t\n\t\t\t\t\t\t\t\t\t<li class=\"product type-product post-11815 status-publish first instock product_cat-paslaugos has-post-thumbnail virtual sold-individually taxable purchasable product-type-simple\">\n\t<div class=\"sml-product-image-wrapp\">\t\t<div class = \"sml-add-to-wishlist-wrap\">\n\t\t\t<div class=\"sml-quick-view-wrapp\"><\/div><\/div>\n\t<div class=\"sml-product-wrapp\">\n\t\t<a href=\"https:\/\/shop.agrifood.lt\/lt\/produktas\/mentoryste-ir-mokymai\/\" class=\"woocommerce-LoopProduct-link woocommerce-loop-product__link\"><img width=\"300\" height=\"94\" src=\"https:\/\/shop.agrifood.lt\/wp-content\/uploads\/2022\/06\/Mokymai-300x94.jpg\" class=\"attachment-woocommerce_thumbnail size-woocommerce_thumbnail\" alt=\"\" loading=\"lazy\" \/><\/a>\t<\/div>\n\t<\/div><div class=\"wccpf-fields-container\">    \t    \n\t    <\/div><div class=\"wccpf-fields-container\"><\/div><div class=\"wccpf-fields-container\"><\/div><div class=\"wccpf-fields-container\"><\/div><div class=\"wccpf-fields-container\"><\/div><div class=\"sml-product-title-wrapp\"><h2 class=\"woocommerce-loop-product__title\"><a href=\"https:\/\/shop.agrifood.lt\/lt\/produktas\/mentoryste-ir-mokymai\/\" class=\"woocommerce-LoopProduct-link woocommerce-loop-product__link\">Mentoryst\u0117 ir mokymai<\/a><\/h2><div class=\"sml-price-wrap\">\n\t<span class=\"price\"><span class=\"woocommerce-Price-amount amount\"><bdi>1000,00&nbsp;<span class=\"woocommerce-Price-currencySymbol\">&euro;<\/span><\/bdi><\/span><\/span>\n\t<div class = \"sml-add-to-cart-wrap\">\n\t\t<a href=\"?add-to-cart=11815\" data-quantity=\"1\" class=\"button product_type_simple add_to_cart_button ajax_add_to_cart\" data-product_id=\"11815\" data-product_sku=\"\" aria-label=\"\u012ed\u0117ti \u012f kre\u0161el\u012f: &ldquo;Mentoryst\u0117 ir mokymai&rdquo;\" rel=\"nofollow\">\u012e krep\u0161el\u012f<\/a><\/div>\n<\/div><\/div><\/li>\n\n\t\t\t\t\t\t\t\t\t\t\t\t\t\t\t\t\n\t\t\t\t\t\t\t\t\t<li class=\"product type-product post-11814 status-publish instock product_cat-paslaugos has-post-thumbnail virtual sold-individually taxable purchasable product-type-simple\">\n\t<div class=\"sml-product-image-wrapp\">\t\t<div class = \"sml-add-to-wishlist-wrap\">\n\t\t\t<div class=\"sml-quick-view-wrapp\"><\/div><\/div>\n\t<div class=\"sml-product-wrapp\">\n\t\t<a href=\"https:\/\/shop.agrifood.lt\/lt\/produktas\/komercializavimas\/\" class=\"woocommerce-LoopProduct-link woocommerce-loop-product__link\"><img width=\"300\" height=\"94\" src=\"https:\/\/shop.agrifood.lt\/wp-content\/uploads\/2022\/06\/p5-300x94.jpg\" class=\"attachment-woocommerce_thumbnail size-woocommerce_thumbnail\" alt=\"\" loading=\"lazy\" \/><\/a>\t<\/div>\n\t<\/div><div class=\"wccpf-fields-container\"><\/div><div class=\"wccpf-fields-container\"><\/div><div class=\"wccpf-fields-container\"><\/div><div class=\"wccpf-fields-container\"><\/div><div class=\"wccpf-fields-container\"><\/div><div class=\"sml-product-title-wrapp\"><h2 class=\"woocommerce-loop-product__title\"><a href=\"https:\/\/shop.agrifood.lt\/lt\/produktas\/komercializavimas\/\" class=\"woocommerce-LoopProduct-link woocommerce-loop-product__link\">Komercializavimas<\/a><\/h2><div class=\"sml-price-wrap\">\n\t<span class=\"price\"><span class=\"woocommerce-Price-amount amount\"><bdi>400,00&nbsp;<span class=\"woocommerce-Price-currencySymbol\">&euro;<\/span><\/bdi><\/span><\/span>\n\t<div class = \"sml-add-to-cart-wrap\">\n\t\t<a href=\"?add-to-cart=11814\" data-quantity=\"1\" class=\"button product_type_simple add_to_cart_button ajax_add_to_cart\" data-product_id=\"11814\" data-product_sku=\"\" aria-label=\"\u012ed\u0117ti \u012f kre\u0161el\u012f: &ldquo;Komercializavimas&rdquo;\" rel=\"nofollow\">\u012e krep\u0161el\u012f<\/a><\/div>\n<\/div><\/div><\/li>\n\n\t\t\t\t\t\t\t\t\t\t\t\t\t\t\t\t\n\t\t\t\t\t\t\t\t\t<li class=\"product type-product post-11810 status-publish last instock product_cat-paslaugos has-post-thumbnail virtual sold-individually taxable purchasable product-type-simple\">\n\t<div class=\"sml-product-image-wrapp\">\t\t<div class = \"sml-add-to-wishlist-wrap\">\n\t\t\t<div class=\"sml-quick-view-wrapp\"><\/div><\/div>\n\t<div class=\"sml-product-wrapp\">\n\t\t<a href=\"https:\/\/shop.agrifood.lt\/lt\/produktas\/bendradarbiavimas\/\" class=\"woocommerce-LoopProduct-link woocommerce-loop-product__link\"><img width=\"300\" height=\"94\" src=\"https:\/\/shop.agrifood.lt\/wp-content\/uploads\/2022\/06\/photo_2022-12-09_09-07-35-300x94.jpg\" class=\"attachment-woocommerce_thumbnail size-woocommerce_thumbnail\" alt=\"\" loading=\"lazy\" \/><\/a>\t<\/div>\n\t<\/div><div class=\"wccpf-fields-container\"><\/div><div class=\"wccpf-fields-container\"><\/div><div class=\"wccpf-fields-container\"><\/div><div class=\"wccpf-fields-container\"><\/div><div class=\"wccpf-fields-container\"><\/div><div class=\"sml-product-title-wrapp\"><h2 class=\"woocommerce-loop-product__title\"><a href=\"https:\/\/shop.agrifood.lt\/lt\/produktas\/bendradarbiavimas\/\" class=\"woocommerce-LoopProduct-link woocommerce-loop-product__link\">Bendradarbiavimas<\/a><\/h2><div class=\"sml-price-wrap\">\n\t<span class=\"price\"><span class=\"woocommerce-Price-amount amount\"><bdi>1500,00&nbsp;<span class=\"woocommerce-Price-currencySymbol\">&euro;<\/span><\/bdi><\/span><\/span>\n\t<div class = \"sml-add-to-cart-wrap\">\n\t\t<a href=\"?add-to-cart=11810\" data-quantity=\"1\" class=\"button product_type_simple add_to_cart_button ajax_add_to_cart\" data-product_id=\"11810\" data-product_sku=\"\" aria-label=\"\u012ed\u0117ti \u012f kre\u0161el\u012f: &ldquo;Bendradarbiavimas&rdquo;\" rel=\"nofollow\">\u012e krep\u0161el\u012f<\/a><\/div>\n<\/div><\/div><\/li>\n\n\t\t\t\t\t\t\t\n\t\t\t\t\t\t<\/ul>\n\t\t\t\t\t<\/div>\n\t\t\t\t\t\t\t<\/div>\n\t\t\t\t\t\n\t\t\t\n\n\n\n\n\t\t\t\t\t\t\t<div class=\"woocommerce\">\t\n\t\t\t\t\n\t\t\t\t\t<div class=\"ced\" data-rows=\"\">\n\t\t\t\t\t\t<h2>Nesenai per\u017ei\u016br\u0117tos paslaugos<\/h2>\n\t\t\t\t\t\t\t\n\t\t\t\t\t\t<ul class=\"products columns-3\">\n\n\t\t\t\t\t\t\t\t\t\t\t\t\t\t\t\t\n\t\t\t\t\t\t\t\t\t<li class=\"product type-product post-11810 status-publish first instock product_cat-paslaugos has-post-thumbnail virtual sold-individually taxable purchasable product-type-simple\">\n\t<div class=\"sml-product-image-wrapp\">\t\t<div class = \"sml-add-to-wishlist-wrap\">\n\t\t\t<div class=\"sml-quick-view-wrapp\"><\/div><\/div>\n\t<div class=\"sml-product-wrapp\">\n\t\t<a href=\"https:\/\/shop.agrifood.lt\/lt\/produktas\/bendradarbiavimas\/\" class=\"woocommerce-LoopProduct-link woocommerce-loop-product__link\"><img width=\"300\" height=\"94\" src=\"https:\/\/shop.agrifood.lt\/wp-content\/uploads\/2022\/06\/photo_2022-12-09_09-07-35-300x94.jpg\" class=\"attachment-woocommerce_thumbnail size-woocommerce_thumbnail\" alt=\"\" loading=\"lazy\" \/><\/a>\t<\/div>\n\t<\/div><div class=\"wccpf-fields-container\"><\/div><div class=\"wccpf-fields-container\"><\/div><div class=\"wccpf-fields-container\"><\/div><div class=\"wccpf-fields-container\"><\/div><div class=\"wccpf-fields-container\"><\/div><div class=\"sml-product-title-wrapp\"><h2 class=\"woocommerce-loop-product__title\"><a href=\"https:\/\/shop.agrifood.lt\/lt\/produktas\/bendradarbiavimas\/\" class=\"woocommerce-LoopProduct-link woocommerce-loop-product__link\">Bendradarbiavimas<\/a><\/h2><div class=\"sml-price-wrap\">\n\t<span class=\"price\"><span class=\"woocommerce-Price-amount amount\"><bdi>1500,00&nbsp;<span class=\"woocommerce-Price-currencySymbol\">&euro;<\/span><\/bdi><\/span><\/span>\n\t<div class = \"sml-add-to-cart-wrap\">\n\t\t<a href=\"?add-to-cart=11810\" data-quantity=\"1\" class=\"button product_type_simple add_to_cart_button ajax_add_to_cart\" data-product_id=\"11810\" data-product_sku=\"\" aria-label=\"\u012ed\u0117ti \u012f kre\u0161el\u012f: &ldquo;Bendradarbiavimas&rdquo;\" rel=\"nofollow\">\u012e krep\u0161el\u012f<\/a><\/div>\n<\/div><\/div><\/li>\n\n\t\t\t\t\t\t\t\t\t\t\t\t\t\t\t\t\n\t\t\t\t\t\t\t\t\t<li class=\"product type-product post-11813 status-publish instock product_cat-paslaugos has-post-thumbnail virtual sold-individually taxable purchasable product-type-simple\">\n\t<div class=\"sml-product-image-wrapp\">\t\t<div class = \"sml-add-to-wishlist-wrap\">\n\t\t\t<div class=\"sml-quick-view-wrapp\"><\/div><\/div>\n\t<div class=\"sml-product-wrapp\">\n\t\t<a href=\"https:\/\/shop.agrifood.lt\/lt\/produktas\/validacija\/\" class=\"woocommerce-LoopProduct-link woocommerce-loop-product__link\"><img width=\"300\" height=\"94\" src=\"https:\/\/shop.agrifood.lt\/wp-content\/uploads\/2022\/06\/Validacija-1-300x94.jpg\" class=\"attachment-woocommerce_thumbnail size-woocommerce_thumbnail\" alt=\"\" loading=\"lazy\" \/><\/a>\t<\/div>\n\t<\/div><div class=\"wccpf-fields-container\"><\/div><div class=\"wccpf-fields-container\"><\/div><div class=\"wccpf-fields-container\"><\/div><div class=\"wccpf-fields-container\"><\/div><div class=\"wccpf-fields-container\"><\/div><div class=\"sml-product-title-wrapp\"><h2 class=\"woocommerce-loop-product__title\"><a href=\"https:\/\/shop.agrifood.lt\/lt\/produktas\/validacija\/\" class=\"woocommerce-LoopProduct-link woocommerce-loop-product__link\">Validacija<\/a><\/h2><div class=\"sml-price-wrap\">\n\t<span class=\"price\"><span class=\"woocommerce-Price-amount amount\"><bdi>4000,00&nbsp;<span class=\"woocommerce-Price-currencySymbol\">&euro;<\/span><\/bdi><\/span><\/span>\n\t<div class = \"sml-add-to-cart-wrap\">\n\t\t<a href=\"?add-to-cart=11813\" data-quantity=\"1\" class=\"button product_type_simple add_to_cart_button ajax_add_to_cart\" data-product_id=\"11813\" data-product_sku=\"\" aria-label=\"\u012ed\u0117ti \u012f kre\u0161el\u012f: &ldquo;Validacija&rdquo;\" rel=\"nofollow\">\u012e krep\u0161el\u012f<\/a><\/div>\n<\/div><\/div><\/li>\n\n\t\t\t\t\t\t\t\t\t\t\t\t\t\t\t\t\n\t\t\t\t\t\t\t\t\t<li class=\"product type-product post-11997 status-publish last instock product_cat-paslaugos has-post-thumbnail virtual taxable purchasable product-type-simple\">\n\t<div class=\"sml-product-image-wrapp\">\t\t<div class = \"sml-add-to-wishlist-wrap\">\n\t\t\t<div class=\"sml-quick-view-wrapp\"><\/div><\/div>\n\t<div class=\"sml-product-wrapp\">\n\t\t<a href=\"https:\/\/shop.agrifood.lt\/lt\/produktas\/prototipavimas\/\" class=\"woocommerce-LoopProduct-link woocommerce-loop-product__link\"><img width=\"300\" height=\"94\" src=\"https:\/\/shop.agrifood.lt\/wp-content\/uploads\/2022\/10\/Prototipavimas-300x94.jpg\" class=\"attachment-woocommerce_thumbnail size-woocommerce_thumbnail\" alt=\"\" loading=\"lazy\" \/><\/a>\t<\/div>\n\t<\/div><div class=\"wccpf-fields-container\"><\/div><div class=\"wccpf-fields-container\"><\/div><div class=\"wccpf-fields-container\"><\/div><div class=\"wccpf-fields-container\"><\/div><div class=\"wccpf-fields-container\"><\/div><div class=\"sml-product-title-wrapp\"><h2 class=\"woocommerce-loop-product__title\"><a href=\"https:\/\/shop.agrifood.lt\/lt\/produktas\/prototipavimas\/\" class=\"woocommerce-LoopProduct-link woocommerce-loop-product__link\">Prototipavimas<\/a><\/h2><div class=\"sml-price-wrap\">\n\t<span class=\"price\"><span class=\"woocommerce-Price-amount amount\"><bdi>500,00&nbsp;<span class=\"woocommerce-Price-currencySymbol\">&euro;<\/span><\/bdi><\/span><\/span>\n\t<div class = \"sml-add-to-cart-wrap\">\n\t\t<a href=\"?add-to-cart=11997\" data-quantity=\"1\" class=\"button product_type_simple add_to_cart_button ajax_add_to_cart\" data-product_id=\"11997\" data-product_sku=\"\" aria-label=\"\u012ed\u0117ti \u012f kre\u0161el\u012f: &ldquo;Prototipavimas&rdquo;\" rel=\"nofollow\">\u012e krep\u0161el\u012f<\/a><\/div>\n<\/div><\/div><\/li>\n\n\t\t\t\t\t\t\t\n\t\t\t\t\t\t<\/ul>\n\t\t\t\t\t<\/div>\n\t\t\t\t\t\t\t<\/div>\n\t\t\t\t\t\t\n","protected":false},"excerpt":{"rendered":"<p>Mes esame \u201eAgriFood Lithuania DIH\u201c! \u00a0 \u201eAgriFood Lithuania DIH\u201c yra skaitmenini\u0173 inovacij\u0173 centras, suburiantis svarbiausius Lietuvos verslo, mokslo ir vie\u0161ojo sektoriaus suinteresuotus veik\u0117jus tam, kad b\u016bt\u0173 \u012fgyvendinta \u017eem\u0117s \u016bkio, maisto ir susijusi\u0173 sektori\u0173 skaitmenin\u0117 transformacija. M\u016bs\u0173 misija yra prisid\u0117ti prie ES deklaracijoje \u201eI\u0161mani ir tvari Europos \u017eem\u0117s \u016bkio ir kaimo vietovi\u0173 skaitmenin\u0117 ateitis\u201c i\u0161d\u0117stytos vizijos [&hellip;]<\/p>\n","protected":false},"author":1,"featured_media":0,"parent":0,"menu_order":0,"comment_status":"closed","ping_status":"closed","template":"","meta":[],"_links":{"self":[{"href":"https:\/\/shop.agrifood.lt\/lt\/wp-json\/wp\/v2\/pages\/8754"}],"collection":[{"href":"https:\/\/shop.agrifood.lt\/lt\/wp-json\/wp\/v2\/pages"}],"about":[{"href":"https:\/\/shop.agrifood.lt\/lt\/wp-json\/wp\/v2\/types\/page"}],"author":[{"embeddable":true,"href":"https:\/\/shop.agrifood.lt\/lt\/wp-json\/wp\/v2\/users\/1"}],"replies":[{"embeddable":true,"href":"https:\/\/shop.agrifood.lt\/lt\/wp-json\/wp\/v2\/comments?post=8754"}],"version-history":[{"count":15,"href":"https:\/\/shop.agrifood.lt\/lt\/wp-json\/wp\/v2\/pages\/8754\/revisions"}],"predecessor-version":[{"id":12085,"href":"https:\/\/shop.agrifood.lt\/lt\/wp-json\/wp\/v2\/pages\/8754\/revisions\/12085"}],"wp:attachment":[{"href":"https:\/\/shop.agrifood.lt\/lt\/wp-json\/wp\/v2\/media?parent=8754"}],"curies":[{"name":"wp","href":"https:\/\/api.w.org\/{rel}","templated":true}]}}