{"id":11811,"date":"2022-06-26T08:17:30","date_gmt":"2022-06-26T06:17:30","guid":{"rendered":"https:\/\/shop.agrifood.lt\/?post_type=product&#038;p=11811"},"modified":"2024-03-22T23:28:05","modified_gmt":"2024-03-22T21:28:05","slug":"ziniu-perdavimas","status":"publish","type":"product","link":"https:\/\/shop.agrifood.lt\/lt\/produktas\/ziniu-perdavimas\/","title":{"rendered":"\u017dini\u0173 perdavimas"},"content":{"rendered":"<div class=\"woocommerce-product-details__short-description\">\n<p>\u0160i paslauga yra skirta u\u017etikrinti efektyviausi\u0105 b\u016bd\u0105 \u017eini\u0173 perdavimo procesui. Perduodamos \u017einios gali b\u016bti teorin\u0117s, praktin\u0117s, kompleksin\u0117s ar specifin\u0117s (konkre\u010dios proced\u016bros ar procesai). M\u016bs\u0173 si\u016bloma paslauga apima visos reikalingos informacijos ir duomen\u0173 surinkim\u0105 bei susisteminim\u0105, analiz\u0119 ir informacijos pateikim\u0105 patogia u\u017esakovui forma. Informacija gali b\u016bti perteikta tiek ra\u0161tu, tiek \u017eod\u017eiu, tiek ra\u0161tu ir \u017eod\u017eiu.<\/p>\n<p>Mes specializuojam\u0117s \u012f \u017eini\u0173 perdavim\u0105 \u0161iose srityse: pa\u017eang\u016bs technologiniai sprendimai \u017eem\u0117s \u016bkyje, pa\u017eang\u016bs technologiniai sprendimai maisto ir g\u0117rim\u0173 sektoriuje, parai\u0161k\u0173 rengimas, tarptautin\u0117 tinklaveika, \u012fvaizd\u017eio formavimas. Ta\u010diau i\u0161rei\u0161kus individual\u0173 poreik\u012f, galime u\u017etikrinti kokybi\u0161k\u0105 proces\u0105 ir kita tema.<\/p>\n<p>\u012e \u0161i\u0105 paslaug\u0105 \u012feina galimyb\u0117 gauti ir J\u016bs\u0173 organizacijos \u012fvertinim\u0105 konkre\u010dioje temoje, taip pat m\u016bs\u0173 parengtas rekomendacijas atsi\u017evelgiant \u012f J\u016bs\u0173 \u012fvertinim\u0105.<\/p>\n<p>Be to, si\u016blome galimyb\u0119 parengti surinktos informacijos \u017eini\u0173 perdavimo proces\u0173 sistemos model\u012f, sukurt\u0105 konkre\u010diai J\u016bs\u0173 organizacijai, kuris b\u016bt\u0173 naudingas Jums patiems viduje dalinantis surinktomis \u017einiomis su kitais organizacijos nariais. Atsi\u017evelgiant \u012f pageidavim\u0105, \u0161\u012f proces\u0105 galime \u012fgyvendinti ir patys.<\/p>\n<\/div>\n","protected":false},"excerpt":{"rendered":"<div class=\"woocommerce-product-details__short-description\">\n<p>Dalinimasis turimomis kompetencijomis ir \u017eini\u0173 apie pa\u017eangias technologijas perdavimo puosel\u0117jimas<\/p>\n<\/div>\n","protected":false},"featured_media":12062,"comment_status":"open","ping_status":"closed","template":"","meta":[],"product_cat":[15],"product_tag":[],"_links":{"self":[{"href":"https:\/\/shop.agrifood.lt\/lt\/wp-json\/wp\/v2\/product\/11811"}],"collection":[{"href":"https:\/\/shop.agrifood.lt\/lt\/wp-json\/wp\/v2\/product"}],"about":[{"href":"https:\/\/shop.agrifood.lt\/lt\/wp-json\/wp\/v2\/types\/product"}],"replies":[{"embeddable":true,"href":"https:\/\/shop.agrifood.lt\/lt\/wp-json\/wp\/v2\/comments?post=11811"}],"wp:featuredmedia":[{"embeddable":true,"href":"https:\/\/shop.agrifood.lt\/lt\/wp-json\/wp\/v2\/media\/12062"}],"wp:attachment":[{"href":"https:\/\/shop.agrifood.lt\/lt\/wp-json\/wp\/v2\/media?parent=11811"}],"wp:term":[{"taxonomy":"product_cat","embeddable":true,"href":"https:\/\/shop.agrifood.lt\/lt\/wp-json\/wp\/v2\/product_cat?post=11811"},{"taxonomy":"product_tag","embeddable":true,"href":"https:\/\/shop.agrifood.lt\/lt\/wp-json\/wp\/v2\/product_tag?post=11811"}],"curies":[{"name":"wp","href":"https:\/\/api.w.org\/{rel}","templated":true}]}}