{"id":11812,"date":"2022-06-26T08:18:10","date_gmt":"2022-06-26T06:18:10","guid":{"rendered":"https:\/\/shop.agrifood.lt\/?post_type=product&#038;p=11812"},"modified":"2024-10-12T03:10:02","modified_gmt":"2024-10-12T01:10:02","slug":"dalyvavimas-inovaciju-kurime","status":"publish","type":"product","link":"https:\/\/shop.agrifood.lt\/lt\/produktas\/dalyvavimas-inovaciju-kurime\/","title":{"rendered":"Bendras inovacij\u0173 k\u016brimas"},"content":{"rendered":"<div class=\"woocommerce-product-details__short-description\">\n<p>Bendras inovacij\u0173 k\u016brimas \u2013 paslauga organizacijoms ar organizacij\u0173 grup\u0117ms, vykdan\u010dioms ar besiruo\u0161ian\u010dioms prad\u0117ti vykdyti mokslini\u0173 tyrim\u0173 ir eksperimentin\u0117s pl\u0117tros (MTEP) projektus. \u0160iame paslaug\u0173 pakete teikiamos paslaugos leis geriau suprasti organizacijos veiklos aplink\u0105 bei leis organizacijai sistemingiau kurti ir valdyti inovacijas per vis\u0105 sistemos gyvavimo cikl\u0105.<\/p>\n<p>Bendro inovacij\u0173 k\u016brimo paslaug\u0173 pakete si\u016blomas projekto valdymo gairi\u0173 ir plano parengimas, verslo modelio gairi\u0173 parengimas bei konsultavimo paslauga projekt\u0173 valdymo klausimais. Pasinaudodamos \u0161iame pakete numatytomis paslaugomis, organizacijos pagerins savo geb\u0117jimus diegti inovacijas, optimizuoti procesus, pritaikyti produktus ir paslaugas klient\u0173 poreikiams ir skatinti reik\u0161mingesn\u012f klient\u0173 \u012fsitraukim\u0105. Tai sukurs tvaresnes j\u0173 pozicijas rinkoje. Visos paslaugos bus pritaikytos prie projekt\u0173 specifikos, atsi\u017evelgiant \u012f vykdomo (ar planuojamo vykdyti) projekto biud\u017eet\u0105, trukm\u0119, organizacij\u0173 partneri\u0173 skai\u010di\u0173, kuriamus MTEP produktus. Paslaug\u0173 turinys gal\u0117s b\u016bti koreguojamas pirminio ir pakartotini\u0173 susitikim\u0173 su klientu metu, siekiant maksimaliai atliepti kliento poreikius.<\/p>\n<p>Parengtos projekto valdymo gair\u0117s detalizuos projektinio m\u0105stymo metodus, \u012fvertinus ir atrinkus labiausiai tinkamus \u012fgyvendinamam MTEP projektui. Projekto valdymo gair\u0117s apims kertini\u0173 projekto etap\u0173 identifikavim\u0105 ir klausim\u0173 operacionalizavim\u0105, si\u016blom\u0105 u\u017eduo\u010di\u0173 ir resurs\u0173 paskirstym\u0105 laike, u\u017etikrinant projekto rezultat\u0173 pasiekim\u0105 laiku. Gair\u0117s taip pat identifikuos potencialias projekto \u012fgyvendinimo rizikas bei pasi\u016blys galimus rizik\u0173 suma\u017einimo b\u016bdus.<\/p>\n<p>Verslo modelio gair\u0117s (angl. business model canvas) glaustai pristatys vykdomo projekto komercializavimo potencial\u0105 ir pabr\u0117\u017edamas kertinius faktorius verslo modelio s\u0117kmei. Tai leis organizacijoms jau ankstyvame technologijos k\u016brimo etape atsi\u017evelgti \u012f komercinius poreikius. Kitaip nei projekto valdymo gair\u0117s, verslo modelio gair\u0117s i\u0161samiau \u012fvertins ir pateiks kuriam\u0173 MTEP rezultat\u0173 komercializacijos potencial\u0105 ir esminius verslo modelio elementus: technologinius sprendimus, pagrindines vartotoj\u0173 grupes bei j\u0173 poreikius, pagrindinius tiek\u0117jus ir kitus partnerius, pagrindines veiklas, reikalingus resursus, prid\u0117tin\u0119 kuriamo si\u016blymo vert\u0119 (angl. value proposition), si\u016blomas klient\u0173 pritraukimo strategijas ir kanalus, galim\u0105 produkto kainodar\u0105 bei pajam\u0173 \u0161altinius.<\/p>\n<p>\u012e kliento poreikius orientuotos projekt\u0173 valdymo konsultacijos bet kuriuo projekto \u012fgyvendinimo metu u\u017etikrins skland\u0173 projekto \u012fgyvendinim\u0105, praktinius ekspert\u0173 patarimus i\u0161kilus klausimams ar nesklandumams. Teikiamos konsultacijos bus individualizuotos, pasirenkant labiausiai patyrusius ir geriausiai \u012f i\u0161kilusius klausimus atsakyti galin\u010dius ekspertus. Si\u016blomi skirtingi konsultacij\u0173 paketai, \u012fvertinant galimus skirtingus klient\u0173 poreikius, projekt\u0173 apimt\u012f, konsultacij\u0173 turin\u012f. Neturintiems ar turintiems ma\u017eai patirties vykdant MTEP projektus, taip pat vykdant didel\u0117s apimties MTEP projektus, si\u016blome u\u017esisakyti ilgesn\u0117s trukm\u0117s konsultacijas (3-5 dienas). Esant poreikiui, yra galimyb\u0117 u\u017esisakyti konsultacijas papildomai.<\/p>\n<\/div>\n","protected":false},"excerpt":{"rendered":"<div class=\"woocommerce-product-details__short-description\">\n<p>Parama MTEP projekt\u0173 pl\u0117trai ir finansavimo prieinamumo didinimui<\/p>\n<\/div>\n","protected":false},"featured_media":12067,"comment_status":"open","ping_status":"closed","template":"","meta":[],"product_cat":[15],"product_tag":[],"_links":{"self":[{"href":"https:\/\/shop.agrifood.lt\/lt\/wp-json\/wp\/v2\/product\/11812"}],"collection":[{"href":"https:\/\/shop.agrifood.lt\/lt\/wp-json\/wp\/v2\/product"}],"about":[{"href":"https:\/\/shop.agrifood.lt\/lt\/wp-json\/wp\/v2\/types\/product"}],"replies":[{"embeddable":true,"href":"https:\/\/shop.agrifood.lt\/lt\/wp-json\/wp\/v2\/comments?post=11812"}],"wp:featuredmedia":[{"embeddable":true,"href":"https:\/\/shop.agrifood.lt\/lt\/wp-json\/wp\/v2\/media\/12067"}],"wp:attachment":[{"href":"https:\/\/shop.agrifood.lt\/lt\/wp-json\/wp\/v2\/media?parent=11812"}],"wp:term":[{"taxonomy":"product_cat","embeddable":true,"href":"https:\/\/shop.agrifood.lt\/lt\/wp-json\/wp\/v2\/product_cat?post=11812"},{"taxonomy":"product_tag","embeddable":true,"href":"https:\/\/shop.agrifood.lt\/lt\/wp-json\/wp\/v2\/product_tag?post=11812"}],"curies":[{"name":"wp","href":"https:\/\/api.w.org\/{rel}","templated":true}]}}