{"id":11814,"date":"2022-06-26T08:19:19","date_gmt":"2022-06-26T06:19:19","guid":{"rendered":"https:\/\/shop.agrifood.lt\/?post_type=product&#038;p=11814"},"modified":"2025-11-26T09:03:26","modified_gmt":"2025-11-26T07:03:26","slug":"komercializavimas","status":"publish","type":"product","link":"https:\/\/shop.agrifood.lt\/lt\/produktas\/komercializavimas\/","title":{"rendered":"Komercializavimas"},"content":{"rendered":"<div class=\"woocommerce-product-details__short-description\">\n<div class=\"woocommerce-product-details__short-description\">\n<p>Pagalba komercializuojant sukurtus technologinius sprendimus skirta organizacijoms ar asmenims, jau turintiems veikian\u010di\u0105 technologij\u0105 ir siekiantiems j\u0105 pl\u0117sti ar komercializuoti. Tai ypa\u010d aktualu ma\u017eoms ir vidutin\u0117ms \u012fmon\u0117ms, da\u017enai susidurian\u010dioms su i\u0161\u0161\u016bkiais \u012fvertinti produkto potencial\u0105 rinkoje, prisitraukti investicij\u0173, rasti papildom\u0173 finansavimo \u0161altini\u0173.<\/p>\n<p>\u012e \u0161\u012f paslaug\u0173 paket\u0105 patenka i\u0161sami rinkos analiz\u0117 su pagrind\u017eian\u010dia dokumentacija, kurioje paai\u0161kinama tik\u0117tina aptarnaujama ir pasiekiama rinkos dalis, pardavimo ir (arba) platinimo kanalai i\u0161 \u0161altiniai. Taip pat si\u016blome parengti verslo plan\u0105, kuriame bus \u012fvardintos pagrindines vartotoj\u0173 grup\u0117s, pagrindiniai tiek\u0117jai ir kiti partneriai, pagrindin\u0117s veiklos, reikalingi resursai, si\u016blomos klient\u0173 pritraukimo strategijos ir kanalai, galima produkto kainodara bei pajam\u0173 \u0161altiniai. \u012evertin\u0119 kuriam\u0105 technologij\u0105, identifikuosime ir galimus alternatyvius finansavimo \u0161altinius. \u012e \u0161\u012f paslaug\u0173 paket\u0105 taip pat \u012ftrauktos individualizuotos verslo pl\u0117tros konsultacijos, galin\u010dios apimti temas klientui aktualiausiomis verslo pl\u0117tros kryptimis (pavyzd\u017eiui, nacionalin\u0117 ar u\u017esienio rinka, partneri\u0173 paie\u0161ka, naujo produkto k\u016brimas, egzistuojan\u010dio produkto gilesnis \u012fsiliejimas \u012f rink\u0105 ir kita).<\/p>\n<\/div>\n<\/div>\n","protected":false},"excerpt":{"rendered":"<div class=\"woocommerce-product-details__short-description\">\n<p>Inovacij\u0173 versle vystymo ir pasirengimo investicijoms paslaugos<\/p>\n<\/div>\n","protected":false},"featured_media":11820,"comment_status":"open","ping_status":"closed","template":"","meta":[],"product_cat":[15],"product_tag":[],"_links":{"self":[{"href":"https:\/\/shop.agrifood.lt\/lt\/wp-json\/wp\/v2\/product\/11814"}],"collection":[{"href":"https:\/\/shop.agrifood.lt\/lt\/wp-json\/wp\/v2\/product"}],"about":[{"href":"https:\/\/shop.agrifood.lt\/lt\/wp-json\/wp\/v2\/types\/product"}],"replies":[{"embeddable":true,"href":"https:\/\/shop.agrifood.lt\/lt\/wp-json\/wp\/v2\/comments?post=11814"}],"wp:featuredmedia":[{"embeddable":true,"href":"https:\/\/shop.agrifood.lt\/lt\/wp-json\/wp\/v2\/media\/11820"}],"wp:attachment":[{"href":"https:\/\/shop.agrifood.lt\/lt\/wp-json\/wp\/v2\/media?parent=11814"}],"wp:term":[{"taxonomy":"product_cat","embeddable":true,"href":"https:\/\/shop.agrifood.lt\/lt\/wp-json\/wp\/v2\/product_cat?post=11814"},{"taxonomy":"product_tag","embeddable":true,"href":"https:\/\/shop.agrifood.lt\/lt\/wp-json\/wp\/v2\/product_tag?post=11814"}],"curies":[{"name":"wp","href":"https:\/\/api.w.org\/{rel}","templated":true}]}}