{"id":11815,"date":"2022-06-26T08:19:59","date_gmt":"2022-06-26T06:19:59","guid":{"rendered":"https:\/\/shop.agrifood.lt\/?post_type=product&#038;p=11815"},"modified":"2025-11-26T09:03:26","modified_gmt":"2025-11-26T07:03:26","slug":"mentoryste-ir-mokymai","status":"publish","type":"product","link":"https:\/\/shop.agrifood.lt\/lt\/produktas\/mentoryste-ir-mokymai\/","title":{"rendered":"Mentoryst\u0117 ir mokymai"},"content":{"rendered":"<div class=\"woocommerce-product-details__short-description\">\n<p>Norintiems pagilinti savo ar organizacijos nari\u0173 \u017einias si\u016blome geriausi\u0173 savo srities profesional\u0173 vedamus mokymus ar individuali\u0105 mentoryst\u0119. Paslaugos tip\u0105 rekomenduojame pasirinkti atsi\u017evelgus \u012f konkre\u010dius organizacijos poreikius, esant pageidavimui galime pasi\u016blyti mokymus ar mokym\u0173 cikl\u0105, integruot\u0105 su individualia mentoryste.<\/p>\n<p>M\u016bs\u0173 si\u016blomi mokymai ar mentoryst\u0117 yra skirti norintiems patobulinti savo \u017einias ir susipa\u017einti su temomis tokiomis kaip dirbtinis intelektas, daikt\u0173 internetas, i\u0161manieji jutikliai ir elektronika, GIS pagr\u012fstos technologijos, nepilotuojam\u0173 orlaivi\u0173 sistem\u0173 taikymas, paskirstyto tinklo sistemos ir blok\u0173 grandin\u0117s, spektroskopija ir nuotolinis steb\u0117jimas, verslo informacin\u0117s sistemos, debes\u0173 kompiuterija bei MTEP apskaita ir deklaravimas. Taip pat esame pasireng\u0119 pasi\u016blyti ir mokymus kitokiomis temomis, susijusiomis su agromaisto sektoriumi.<\/p>\n<p>M\u016bs\u0173 organizuojamus mokymus pagal J\u016bs\u0173 i\u0161reik\u0161t\u0105 poreik\u012f gali vesti tiek temos teoretikai (akademin\u0117s bendruomen\u0117s nariai), tiek praktikai (verslo atstovai ar konkre\u010dios srities ekspertai). Taip pat priklausant nuo mokym\u0173 trukm\u0117s yra galimyb\u0117 akademin\u0117s ir pramon\u0117s sri\u010di\u0173 atstov\u0173 sinergija. M\u016bs\u0173 si\u016blom\u0173 mokym\u0173 paslaugos yra skirtos ne tik dalytis \u017einiomis, bet ir tobulinti eksperimentinius bei metodinius \u012fg\u016bd\u017eius.<\/p>\n<p>Visi mokymai yra organizuojami remiantis unikalia mokym\u0173 programa, taikoma tik i\u0161 m\u016bs\u0173 \u012fsigytiems mokymams. Esant poreikiui, mokym\u0173 programa gali b\u016bti adaptuojama ir specialiai pritaikoma konkre\u010diai prie J\u016bs\u0173 organizacijos. Galima mokym\u0173 trukm\u0117 nuo 2 iki 8 val. Jei yra pageidaujama viso mokym\u0173 ciklo, d\u0117l jo kainos ir trukm\u0117s yra tariamasi individualiai su u\u017esakovu. Mokymai gali vykti internetu arba gyvai (galime atvykti pas Jus \u012f biur\u0105 ar pasir\u016bpinti mokym\u0173 vieta patys).<\/p>\n<p>Pagal J\u016bs\u0173 pageidavimus galime pasir\u016bpinti mokym\u0173 dalyvi\u0173 maitinimu, taip pat vidine bei i\u0161orine sklaida. Pasirinkus informacin\u0117s sklaidos paslaug\u0105 konkret\u016bs jos \u017eingsniai yra aptariami individualiai, bet \u012f \u0161\u012f paket\u0105 atitinkamai \u012feina turinio ir vizualikos parengimas komunikacijai intranete, socialiniuose tinkluose, el. pa\u0161tu ir organizacijos interneto svetain\u0117je. Be to, parengiamas straipsnis interneto portalams.<\/p>\n<p>Pasirinkusiems mentoryst\u0117s paslaugas pagal J\u016bs\u0173 i\u0161reik\u0161tus l\u016bkes\u010dius pasi\u016blysime nuo 2 iki 5 galim\u0173 mentori\u0173 s\u0105ra\u0161\u0105, i\u0161 kurio gal\u0117site pasirinkti labiausiai J\u016bs\u0173 l\u016bkes\u010dius atitinkant\u012f mentori\u0173.<\/p>\n<\/div>\n","protected":false},"excerpt":{"rendered":"<div class=\"woocommerce-product-details__short-description\">\n<p>Parama b\u016bsimiems talentams ir naujovi\u0173 diegimo skatinimas<\/p>\n<\/div>\n","protected":false},"featured_media":12060,"comment_status":"open","ping_status":"closed","template":"","meta":[],"product_cat":[15],"product_tag":[],"_links":{"self":[{"href":"https:\/\/shop.agrifood.lt\/lt\/wp-json\/wp\/v2\/product\/11815"}],"collection":[{"href":"https:\/\/shop.agrifood.lt\/lt\/wp-json\/wp\/v2\/product"}],"about":[{"href":"https:\/\/shop.agrifood.lt\/lt\/wp-json\/wp\/v2\/types\/product"}],"replies":[{"embeddable":true,"href":"https:\/\/shop.agrifood.lt\/lt\/wp-json\/wp\/v2\/comments?post=11815"}],"wp:featuredmedia":[{"embeddable":true,"href":"https:\/\/shop.agrifood.lt\/lt\/wp-json\/wp\/v2\/media\/12060"}],"wp:attachment":[{"href":"https:\/\/shop.agrifood.lt\/lt\/wp-json\/wp\/v2\/media?parent=11815"}],"wp:term":[{"taxonomy":"product_cat","embeddable":true,"href":"https:\/\/shop.agrifood.lt\/lt\/wp-json\/wp\/v2\/product_cat?post=11815"},{"taxonomy":"product_tag","embeddable":true,"href":"https:\/\/shop.agrifood.lt\/lt\/wp-json\/wp\/v2\/product_tag?post=11815"}],"curies":[{"name":"wp","href":"https:\/\/api.w.org\/{rel}","templated":true}]}}