{"id":11997,"date":"2022-10-17T15:42:50","date_gmt":"2022-10-17T13:42:50","guid":{"rendered":"https:\/\/shop.agrifood.lt\/?post_type=product&#038;p=11997"},"modified":"2022-12-09T09:36:59","modified_gmt":"2022-12-09T07:36:59","slug":"prototipavimas","status":"publish","type":"product","link":"https:\/\/shop.agrifood.lt\/lt\/produktas\/prototipavimas\/","title":{"rendered":"Prototipavimas"},"content":{"rendered":"<p>Paslauga yra skirta asmenims ar \u012fmon\u0117ms, rengiantiems savo sukurtus technologinius prototipus. M\u016bs\u0173 ekspertai turi patirties rengiant \u012fvairios paskirties sensori\u0173 masyv\u0173, drena\u017eo sistem\u0173, smulkiosios elektronikos prototip\u0173 dizainus ir maketus. Klientams pageidaujant, poreikius galime suteikti ir j\u0173 technologini\u0173 prototip\u0173 dizaino k\u016brimo ar optimizavimo paslaugas. Tiek prototipo dizaino k\u016brimo, tiek maketavimo metu vykdome glaud\u0173 bendradarbiavim\u0105 su klientu, kad jo id\u0117jos ir l\u016bkes\u010diai b\u016bt\u0173 pilnai \u012fgyvendinti.<\/p>\n<p>Taip pat, jei prototipo vystymo metu yra aktualu, klientams galime pasi\u016blyti ir grafin\u0117s vartotojo s\u0105sajos (angl. grafical user interface GUI) k\u016brimo paslaug\u0105. Kuriama GUI gali b\u016bti \u012fgyvendinta internetin\u0117s platformos ar instaliuojamos aplikacijos formatu, tod\u0117l priklausomai nuo kuriamo prototipo funkcionalumo galime sukurti vartotojui patogiausi\u0105 sistem\u0105.<\/p>\n","protected":false},"excerpt":{"rendered":"<p>Sensori\u0173 sistem\u0173, drena\u017eo sistem\u0173, smulkiosios elektronikos, programin\u0117s \u012frangos naudotojo s\u0105sajos prototip\u0173 k\u016brimas.<\/p>\n","protected":false},"featured_media":12057,"comment_status":"open","ping_status":"closed","template":"","meta":[],"product_cat":[15],"product_tag":[],"_links":{"self":[{"href":"https:\/\/shop.agrifood.lt\/lt\/wp-json\/wp\/v2\/product\/11997"}],"collection":[{"href":"https:\/\/shop.agrifood.lt\/lt\/wp-json\/wp\/v2\/product"}],"about":[{"href":"https:\/\/shop.agrifood.lt\/lt\/wp-json\/wp\/v2\/types\/product"}],"replies":[{"embeddable":true,"href":"https:\/\/shop.agrifood.lt\/lt\/wp-json\/wp\/v2\/comments?post=11997"}],"wp:featuredmedia":[{"embeddable":true,"href":"https:\/\/shop.agrifood.lt\/lt\/wp-json\/wp\/v2\/media\/12057"}],"wp:attachment":[{"href":"https:\/\/shop.agrifood.lt\/lt\/wp-json\/wp\/v2\/media?parent=11997"}],"wp:term":[{"taxonomy":"product_cat","embeddable":true,"href":"https:\/\/shop.agrifood.lt\/lt\/wp-json\/wp\/v2\/product_cat?post=11997"},{"taxonomy":"product_tag","embeddable":true,"href":"https:\/\/shop.agrifood.lt\/lt\/wp-json\/wp\/v2\/product_tag?post=11997"}],"curies":[{"name":"wp","href":"https:\/\/api.w.org\/{rel}","templated":true}]}}